{"id":1720,"date":"2024-06-04T18:49:42","date_gmt":"2024-06-04T18:49:42","guid":{"rendered":"https:\/\/raidandes.com\/?page_id=1720"},"modified":"2026-04-22T16:49:07","modified_gmt":"2026-04-22T16:49:07","slug":"cronograma","status":"publish","type":"page","link":"https:\/\/raidandes.com\/en\/cronograma\/","title":{"rendered":"SCHEDULE"},"content":{"rendered":"<div data-elementor-type=\"wp-page\" data-elementor-id=\"1720\" class=\"elementor elementor-1720\" data-elementor-post-type=\"page\">\n\t\t\t\t<div class=\"elementor-element elementor-element-4bdd538 e-con-full e-flex e-con e-parent\" data-id=\"4bdd538\" data-element_type=\"container\" data-e-type=\"container\" data-settings=\"{&quot;background_background&quot;:&quot;classic&quot;}\">\n\t\t\t\t<div class=\"elementor-element elementor-element-43ee926 elementor-widget elementor-widget-heading\" data-id=\"43ee926\" data-element_type=\"widget\" data-e-type=\"widget\" data-widget_type=\"heading.default\">\n\t\t\t\t<div class=\"elementor-widget-container\">\n\t\t\t\t\t<h1 class=\"elementor-heading-title elementor-size-default\">Cronograma y Log\u00edstica<\/h1>\t\t\t\t<\/div>\n\t\t\t\t<\/div>\n\t\t\t\t<\/div>\n\t\t<div class=\"elementor-element elementor-element-25e0f14 e-flex e-con-boxed e-con e-parent\" data-id=\"25e0f14\" data-element_type=\"container\" data-e-type=\"container\">\n\t\t\t\t\t<div class=\"e-con-inner\">\n\t\t<div class=\"elementor-element elementor-element-c07dbad e-con-full e-flex e-con e-child\" data-id=\"c07dbad\" data-element_type=\"container\" data-e-type=\"container\">\n\t\t<div class=\"elementor-element elementor-element-a74ff35 e-con-full e-flex e-con e-child\" data-id=\"a74ff35\" data-element_type=\"container\" data-e-type=\"container\">\n\t\t<div class=\"elementor-element elementor-element-9d42b16 e-con-full e-flex e-con e-child\" data-id=\"9d42b16\" data-element_type=\"container\" data-e-type=\"container\">\n\t\t\t\t<div class=\"elementor-element elementor-element-63c3527 elementor-widget elementor-widget-heading\" data-id=\"63c3527\" data-element_type=\"widget\" data-e-type=\"widget\" data-widget_type=\"heading.default\">\n\t\t\t\t<div class=\"elementor-widget-container\">\n\t\t\t\t\t<h5 class=\"elementor-heading-title elementor-size-default\">ACREDITACI\u00d3N ANTICIPADA<\/h5>\t\t\t\t<\/div>\n\t\t\t\t<\/div>\n\t\t\t\t<div class=\"elementor-element elementor-element-3a071ff elementor-widget elementor-widget-text-editor\" data-id=\"3a071ff\" data-element_type=\"widget\" data-e-type=\"widget\" data-widget_type=\"text-editor.default\">\n\t\t\t\t<div class=\"elementor-widget-container\">\n\t\t\t\t\t\t\t\t\t<p><strong>Place:<\/strong> Club de Corredores, Av. Monroe 916 CABA<br \/><strong>D\u00edas y horarios:<\/strong> Desde 23 de abril al 30 de abril de lunes a viernes de 10 a 18hs y s\u00e1bado 25 de 8.30 a 16hs<\/p>\t\t\t\t\t\t\t\t<\/div>\n\t\t\t\t<\/div>\n\t\t\t\t<div class=\"elementor-element elementor-element-0401f8b elementor-widget elementor-widget-heading\" data-id=\"0401f8b\" data-element_type=\"widget\" data-e-type=\"widget\" data-widget_type=\"heading.default\">\n\t\t\t\t<div class=\"elementor-widget-container\">\n\t\t\t\t\t<h5 class=\"elementor-heading-title elementor-size-default\">Viernes 8 de mayo<\/h5>\t\t\t\t<\/div>\n\t\t\t\t<\/div>\n\t\t\t\t<div class=\"elementor-element elementor-element-5980f13 elementor-widget elementor-widget-text-editor\" data-id=\"5980f13\" data-element_type=\"widget\" data-e-type=\"widget\" data-widget_type=\"text-editor.default\">\n\t\t\t\t<div class=\"elementor-widget-container\">\n\t\t\t\t\t\t\t\t\t<p><strong>Acreditaci\u00f3n en Purmamarca<\/strong><br \/><strong>Place:<\/strong> Purmamarca, Jujuy.<br \/>d\u00eda y horario: viernes 8 de mayo de 9 a 17hs<\/p><p><strong>Presentaci\u00f3n oficial del Raid 2026<\/strong><br \/>18:00 hs \u2013 Cancha de f\u00fatbol de Purmamarca<\/p>\t\t\t\t\t\t\t\t<\/div>\n\t\t\t\t<\/div>\n\t\t\t\t<div class=\"elementor-element elementor-element-f1bb679 elementor-widget elementor-widget-text-editor\" data-id=\"f1bb679\" data-element_type=\"widget\" data-e-type=\"widget\" data-widget_type=\"text-editor.default\">\n\t\t\t\t<div class=\"elementor-widget-container\">\n\t\t\t\t\t\t\t\t\t<h6>Requisitos para retiro de kits<\/h6><p><strong>Personal:<\/strong><br \/>-Presentar: DNI f\u00edsico o de manera digital<br \/>-Apto f\u00edsico vigente cargado previamente en <a href=\"https:\/\/entryfee.com.ar\/\">www.entryfee.com.ar<\/a><\/p><p><strong><br \/>Tercero:<\/strong><br \/>-Presentar: DNI digital.<br \/>-Apto f\u00edsico vigente cargado previamente en <a href=\"https:\/\/entryfee.com.ar\/\">www.entryfee.com.ar<\/a><\/p>\t\t\t\t\t\t\t\t<\/div>\n\t\t\t\t<\/div>\n\t\t\t\t<div class=\"elementor-element elementor-element-8ef9524 elementor-widget elementor-widget-heading\" data-id=\"8ef9524\" data-element_type=\"widget\" data-e-type=\"widget\" data-widget_type=\"heading.default\">\n\t\t\t\t<div class=\"elementor-widget-container\">\n\t\t\t\t\t<h5 class=\"elementor-heading-title elementor-size-default\">S\u00e1bado 9 de mayo\n<\/h5>\t\t\t\t<\/div>\n\t\t\t\t<\/div>\n\t\t\t\t<div class=\"elementor-element elementor-element-ca8c822 elementor-widget elementor-widget-text-editor\" data-id=\"ca8c822\" data-element_type=\"widget\" data-e-type=\"widget\" data-widget_type=\"text-editor.default\">\n\t\t\t\t<div class=\"elementor-widget-container\">\n\t\t\t\t\t\t\t\t\t<p><strong>Etapa 1 \u2013 Salinas Grandes (<a href=\"https:\/\/maps.app.goo.gl\/iLHivHf1ZCrrHVfo7\">Ubicaci\u00f3n<\/a>)<\/strong><br \/>Where:\u00a0<strong>10:00 hs<\/strong><\/p>\t\t\t\t\t\t\t\t<\/div>\n\t\t\t\t<\/div>\n\t\t\t\t<div class=\"elementor-element elementor-element-eb49036 elementor-widget elementor-widget-heading\" data-id=\"eb49036\" data-element_type=\"widget\" data-e-type=\"widget\" data-widget_type=\"heading.default\">\n\t\t\t\t<div class=\"elementor-widget-container\">\n\t\t\t\t\t<h5 class=\"elementor-heading-title elementor-size-default\">Domingo 10 de mayo<\/h5>\t\t\t\t<\/div>\n\t\t\t\t<\/div>\n\t\t\t\t<div class=\"elementor-element elementor-element-9ecb9bc elementor-widget elementor-widget-text-editor\" data-id=\"9ecb9bc\" data-element_type=\"widget\" data-e-type=\"widget\" data-widget_type=\"text-editor.default\">\n\t\t\t\t<div class=\"elementor-widget-container\">\n\t\t\t\t\t\t\t\t\t<p><strong>Etapa 2 \u2013 Tumbaya (<a href=\"https:\/\/maps.app.goo.gl\/66ZX8sN2YhaLc2wcA\">Ubicaci\u00f3n<\/a>)\u2192 Purmamarca<\/strong><br \/>Largadas desde las\u00a0<strong>8:00 hs<\/strong>, seg\u00fan clasificaci\u00f3n de la Etapa 1.<\/p>\t\t\t\t\t\t\t\t<\/div>\n\t\t\t\t<\/div>\n\t\t\t\t<div class=\"elementor-element elementor-element-08f9724 elementor-widget elementor-widget-text-editor\" data-id=\"08f9724\" data-element_type=\"widget\" data-e-type=\"widget\" data-widget_type=\"text-editor.default\">\n\t\t\t\t<div class=\"elementor-widget-container\">\n\t\t\t\t\t\t\t\t\t<p><strong>Etapa 2 \u2013 Tumbaya (<a href=\"https:\/\/maps.app.goo.gl\/66ZX8sN2YhaLc2wcA\">Ubicaci\u00f3n<\/a>)\u2192 Purmamarca<\/strong><br \/>Largadas desde las\u00a0<strong>8:00 hs<\/strong>, seg\u00fan clasificaci\u00f3n de la Etapa 1.<\/p>\t\t\t\t\t\t\t\t<\/div>\n\t\t\t\t<\/div>\n\t\t\t\t<\/div>\n\t\t<div class=\"elementor-element elementor-element-7cb023d e-con-full e-flex e-con e-child\" data-id=\"7cb023d\" data-element_type=\"container\" data-e-type=\"container\">\n\t\t\t\t<div class=\"elementor-element elementor-element-a07fad8 elementor-widget elementor-widget-google_maps\" data-id=\"a07fad8\" data-element_type=\"widget\" data-e-type=\"widget\" data-widget_type=\"google_maps.default\">\n\t\t\t\t<div class=\"elementor-widget-container\">\n\t\t\t\t\t\t\t<div class=\"elementor-custom-embed\">\n\t\t\t<iframe\n\t\t\t\t\tdata-src=\"https:\/\/maps.google.com\/maps?q=club%20decorredores%20&#038;t=m&#038;z=13&#038;output=embed&#038;iwloc=near\"\n\t\t\t\t\ttitle=\"club decorredores \"\n\t\t\t\t\taria-label=\"club decorredores \"\n\t\t\t src=\"data:image\/svg+xml;base64,PHN2ZyB3aWR0aD0iMSIgaGVpZ2h0PSIxIiB4bWxucz0iaHR0cDovL3d3dy53My5vcmcvMjAwMC9zdmciPjwvc3ZnPg==\" class=\"lazyload\" data-load-mode=\"1\"><\/iframe>\n\t\t<\/div>\n\t\t\t\t\t\t<\/div>\n\t\t\t\t<\/div>\n\t\t\t\t<div class=\"elementor-element elementor-element-32b07aa elementor-widget elementor-widget-google_maps\" data-id=\"32b07aa\" data-element_type=\"widget\" data-e-type=\"widget\" data-widget_type=\"google_maps.default\">\n\t\t\t\t<div class=\"elementor-widget-container\">\n\t\t\t\t\t\t\t<div class=\"elementor-custom-embed\">\n\t\t\t<iframe\n\t\t\t\t\tdata-src=\"https:\/\/maps.google.com\/maps?q=purmamarca%2C%20jujuy&#038;t=m&#038;z=13&#038;output=embed&#038;iwloc=near\"\n\t\t\t\t\ttitle=\"purmamarca, jujuy\"\n\t\t\t\t\taria-label=\"purmamarca, jujuy\"\n\t\t\t src=\"data:image\/svg+xml;base64,PHN2ZyB3aWR0aD0iMSIgaGVpZ2h0PSIxIiB4bWxucz0iaHR0cDovL3d3dy53My5vcmcvMjAwMC9zdmciPjwvc3ZnPg==\" class=\"lazyload\" data-load-mode=\"1\"><\/iframe>\n\t\t<\/div>\n\t\t\t\t\t\t<\/div>\n\t\t\t\t<\/div>\n\t\t\t\t<\/div>\n\t\t\t\t<\/div>\n\t\t\t\t<\/div>\n\t\t\t\t\t<\/div>\n\t\t\t\t<\/div>\n\t\t<div class=\"elementor-element elementor-element-6b92259 e-flex e-con-boxed e-con e-parent\" data-id=\"6b92259\" data-element_type=\"container\" data-e-type=\"container\">\n\t\t\t\t\t<div class=\"e-con-inner\">\n\t\t<div class=\"elementor-element elementor-element-317497b e-con-full e-flex e-con e-child\" data-id=\"317497b\" data-element_type=\"container\" data-e-type=\"container\">\n\t\t<div class=\"elementor-element elementor-element-1baeeee e-con-full e-flex e-con e-child\" data-id=\"1baeeee\" data-element_type=\"container\" data-e-type=\"container\">\n\t\t<div class=\"elementor-element elementor-element-6c3c948 e-con-full e-flex e-con e-child\" data-id=\"6c3c948\" data-element_type=\"container\" data-e-type=\"container\">\n\t\t\t\t<div class=\"elementor-element elementor-element-a248387 elementor-widget elementor-widget-heading\" data-id=\"a248387\" data-element_type=\"widget\" data-e-type=\"widget\" data-widget_type=\"heading.default\">\n\t\t\t\t<div class=\"elementor-widget-container\">\n\t\t\t\t\t<h5 class=\"elementor-heading-title elementor-size-default\">Distancias y tiempos de traslado<\/h5>\t\t\t\t<\/div>\n\t\t\t\t<\/div>\n\t\t\t\t<div class=\"elementor-element elementor-element-b8b3d10 elementor-widget elementor-widget-text-editor\" data-id=\"b8b3d10\" data-element_type=\"widget\" data-e-type=\"widget\" data-widget_type=\"text-editor.default\">\n\t\t\t\t<div class=\"elementor-widget-container\">\n\t\t\t\t\t\t\t\t\t<p><strong>Aeropuerto de Jujuy \u2192 Purmamarca:<\/strong>\u00a095 km | 1 h 30 min<br \/><br \/><strong>Purmamarca \u2192 Tumbaya:<\/strong>\u00a017 km | 18 min<\/p><p><strong><br \/>Purmamarca \u2192 Salinas Grandes:<\/strong>\u00a065 km | 1 h 15 min<\/p>\t\t\t\t\t\t\t\t<\/div>\n\t\t\t\t<\/div>\n\t\t\t\t<\/div>\n\t\t\t\t<\/div>\n\t\t\t\t<\/div>\n\t\t\t\t\t<\/div>\n\t\t\t\t<\/div>\n\t\t<div class=\"elementor-element elementor-element-e34f21f e-flex e-con-boxed e-con e-parent\" data-id=\"e34f21f\" data-element_type=\"container\" data-e-type=\"container\">\n\t\t\t\t\t<div class=\"e-con-inner\">\n\t\t<div class=\"elementor-element elementor-element-023b1f7 e-con-full e-flex e-con e-child\" data-id=\"023b1f7\" data-element_type=\"container\" data-e-type=\"container\">\n\t\t<div class=\"elementor-element elementor-element-5504338 e-con-full e-flex e-con e-child\" data-id=\"5504338\" data-element_type=\"container\" data-e-type=\"container\">\n\t\t<div class=\"elementor-element elementor-element-f327a6b e-con-full e-flex e-con e-child\" data-id=\"f327a6b\" data-element_type=\"container\" data-e-type=\"container\">\n\t\t\t\t<div class=\"elementor-element elementor-element-3935d53 elementor-widget elementor-widget-heading\" data-id=\"3935d53\" data-element_type=\"widget\" data-e-type=\"widget\" data-widget_type=\"heading.default\">\n\t\t\t\t<div class=\"elementor-widget-container\">\n\t\t\t\t\t<h5 class=\"elementor-heading-title elementor-size-default\">Preguntas frecuentes sobre la log\u00edstica<\/h5>\t\t\t\t<\/div>\n\t\t\t\t<\/div>\n\t\t\t\t<div class=\"elementor-element elementor-element-b447e3d elementor-widget elementor-widget-text-editor\" data-id=\"b447e3d\" data-element_type=\"widget\" data-e-type=\"widget\" data-widget_type=\"text-editor.default\">\n\t\t\t\t<div class=\"elementor-widget-container\">\n\t\t\t\t\t\t\t\t\t<h6>\u00bfA qu\u00e9 aeropuerto debo viajar?<\/h6><p>Al\u00a0<strong>Aeropuerto Internacional de San Salvador de Jujuy<\/strong>.<\/p><hr \/><h6><br \/>Where to Stay?<\/h6><p>La mejor opci\u00f3n es\u00a0<strong>Purmamarca<\/strong>.<\/p><p>Tambi\u00e9n pueden alojarse en:<\/p><ul><li><p><strong>Tumbaya<\/strong>\u00a0(a 15 minutos en veh\u00edculo)<\/p><\/li><li><p><strong>Maimar\u00e1\u00a0<\/strong><em>(un poco m\u00e1s alejadas)<\/em><\/p><\/li><li><p><strong>Tilcara<\/strong>\u00a0<em>(un poco m\u00e1s alejadas)<\/em><\/p><\/li><\/ul><hr \/><h6><br \/>\u00bfCu\u00e1ndo llegar?<\/h6><p>Recomendamos:<\/p><ul><li><p>Llegar el\u00a0<strong>jueves 7 de mayo por la tarde<\/strong><\/p><\/li><li><p>El\u00a0<strong>viernes 8 por la ma\u00f1ana<\/strong>.<\/p><\/li><\/ul><hr \/><h6><br \/>\u00bfCu\u00e1ndo regresar?<\/h6><p>La opci\u00f3n recomendada es\u00a0<strong>lunes 11 de mayo<\/strong>, para descansar post carrera y disfrutar una \u00faltima noche en el Norte Argentino.<\/p><p>Como alternativa, pueden regresar el\u00a0<strong>domingo 10<\/strong>, tomando vuelos\u00a0<strong>posteriores a las 18:00 hs<\/strong>.<\/p><p>Tener en cuenta:<\/p><ul><li><p>El traslado Purmamarca \u2192 Aeropuerto de Jujuy demora aproximadamente\u00a0<strong>1 h 30 min<\/strong>.<\/p><\/li><li><p>El horario depender\u00e1 de su tiempo de carrera.<\/p><\/li><\/ul><hr \/><h6><br \/>\u00bfC\u00f3mo me muevo durante la carrera?<\/h6><p>La alternativa m\u00e1s pr\u00e1ctica es\u00a0<strong>alquilar un veh\u00edculo en el aeropuerto de Jujuy<\/strong>, lo que les dar\u00e1 mayor independencia.<\/p><p>El veh\u00edculo se utilizar\u00e1 para:<\/p><ul><li><p>Traslado aeropuerto \u2192 Purmamarca.<\/p><\/li><li><p>S\u00e1bado: ida y vuelta a\u00a0<strong>Salinas Grandes,<\/strong>.<\/p><\/li><li><p>Domingo (Etapa 2): existen dos opciones:<\/p><\/li><\/ul><p><strong>Opci\u00f3n 1<\/strong><\/p><ul><li><p>Ir en auto hasta Tumbaya.<\/p><\/li><li><p>Dejar el veh\u00edculo all\u00ed.<\/p><\/li><li><p>Luego de finalizar la etapa, regresar en remis para retirarlo.<\/p><\/li><\/ul><p><strong>Opci\u00f3n recomendada<\/strong><\/p><ul><li><p>Trasladarse en\u00a0<strong>remis desde Purmamarca hasta la largada en Tumbaya<\/strong>.<\/p><\/li><\/ul>\t\t\t\t\t\t\t\t<\/div>\n\t\t\t\t<\/div>\n\t\t\t\t<\/div>\n\t\t\t\t<\/div>\n\t\t\t\t<\/div>\n\t\t\t\t\t<\/div>\n\t\t\t\t<\/div>\n\t\t\t\t<\/div>","protected":false},"excerpt":{"rendered":"<p>Cronograma y Log\u00edstica ACREDITACI\u00d3N ANTICIPADA Lugar: Club de Corredores, Av. Monroe 916 CABAD\u00edas y horarios: Desde 23 de abril al 30 de abril de lunes a viernes de 10 a 18hs y s\u00e1bado 25 de 8.30 a 16hs Viernes 8 de mayo Acreditaci\u00f3n en PurmamarcaLugar: Purmamarca, Jujuy.d\u00eda y horario: viernes 8 de mayo de 9 [&hellip;]<\/p>\n","protected":false},"author":2,"featured_media":0,"parent":0,"menu_order":0,"comment_status":"closed","ping_status":"closed","template":"","meta":{"nf_dc_page":"","site-sidebar-layout":"no-sidebar","site-content-layout":"page-builder","ast-site-content-layout":"full-width-container","site-content-style":"default","site-sidebar-style":"default","ast-global-header-display":"","ast-banner-title-visibility":"","ast-main-header-display":"","ast-hfb-above-header-display":"","ast-hfb-below-header-display":"","ast-hfb-mobile-header-display":"","site-post-title":"disabled","ast-breadcrumbs-content":"","ast-featured-img":"disabled","footer-sml-layout":"","ast-disable-related-posts":"","theme-transparent-header-meta":"","adv-header-id-meta":"","stick-header-meta":"","header-above-stick-meta":"","header-main-stick-meta":"","header-below-stick-meta":"","astra-migrate-meta-layouts":"default","ast-page-background-enabled":"default","ast-page-background-meta":{"desktop":{"background-color":"var(--ast-global-color-4)","background-image":"","background-repeat":"repeat","background-position":"center center","background-size":"auto","background-attachment":"scroll","background-type":"","background-media":"","overlay-type":"","overlay-color":"","overlay-opacity":"","overlay-gradient":""},"tablet":{"background-color":"","background-image":"","background-repeat":"repeat","background-position":"center center","background-size":"auto","background-attachment":"scroll","background-type":"","background-media":"","overlay-type":"","overlay-color":"","overlay-opacity":"","overlay-gradient":""},"mobile":{"background-color":"","background-image":"","background-repeat":"repeat","background-position":"center center","background-size":"auto","background-attachment":"scroll","background-type":"","background-media":"","overlay-type":"","overlay-color":"","overlay-opacity":"","overlay-gradient":""}},"ast-content-background-meta":{"desktop":{"background-color":"var(--ast-global-color-5)","background-image":"","background-repeat":"repeat","background-position":"center center","background-size":"auto","background-attachment":"scroll","background-type":"","background-media":"","overlay-type":"","overlay-color":"","overlay-opacity":"","overlay-gradient":""},"tablet":{"background-color":"var(--ast-global-color-5)","background-image":"","background-repeat":"repeat","background-position":"center center","background-size":"auto","background-attachment":"scroll","background-type":"","background-media":"","overlay-type":"","overlay-color":"","overlay-opacity":"","overlay-gradient":""},"mobile":{"background-color":"var(--ast-global-color-5)","background-image":"","background-repeat":"repeat","background-position":"center center","background-size":"auto","background-attachment":"scroll","background-type":"","background-media":"","overlay-type":"","overlay-color":"","overlay-opacity":"","overlay-gradient":""}},"footnotes":""},"class_list":["post-1720","page","type-page","status-publish","hentry"],"yoast_head":"<!-- This site is optimized with the Yoast SEO plugin v27.4 - https:\/\/yoast.com\/product\/yoast-seo-wordpress\/ -->\n<title>CRONOGRAMA - Raid<\/title>\n<meta name=\"robots\" content=\"index, follow, max-snippet:-1, max-image-preview:large, max-video-preview:-1\" \/>\n<link rel=\"canonical\" href=\"https:\/\/raidandes.com\/en\/cronograma\/\" \/>\n<meta property=\"og:locale\" content=\"en_US\" \/>\n<meta property=\"og:type\" content=\"article\" \/>\n<meta property=\"og:title\" content=\"CRONOGRAMA - Raid\" \/>\n<meta property=\"og:description\" content=\"Cronograma y Log\u00edstica ACREDITACI\u00d3N ANTICIPADA Lugar: Club de Corredores, Av. Monroe 916 CABAD\u00edas y horarios: Desde 23 de abril al 30 de abril de lunes a viernes de 10 a 18hs y s\u00e1bado 25 de 8.30 a 16hs Viernes 8 de mayo Acreditaci\u00f3n en PurmamarcaLugar: Purmamarca, Jujuy.d\u00eda y horario: viernes 8 de mayo de 9 [&hellip;]\" \/>\n<meta property=\"og:url\" content=\"https:\/\/raidandes.com\/en\/cronograma\/\" \/>\n<meta property=\"og:site_name\" content=\"Raid\" \/>\n<meta property=\"article:modified_time\" content=\"2026-04-22T16:49:07+00:00\" \/>\n<meta name=\"twitter:card\" content=\"summary_large_image\" \/>\n<meta name=\"twitter:label1\" content=\"Est. reading time\" \/>\n\t<meta name=\"twitter:data1\" content=\"2 minutes\" \/>\n<script type=\"application\/ld+json\" class=\"yoast-schema-graph\">{\"@context\":\"https:\\\/\\\/schema.org\",\"@graph\":[{\"@type\":\"WebPage\",\"@id\":\"https:\\\/\\\/raidandes.com\\\/cronograma\\\/\",\"url\":\"https:\\\/\\\/raidandes.com\\\/cronograma\\\/\",\"name\":\"CRONOGRAMA - Raid\",\"isPartOf\":{\"@id\":\"https:\\\/\\\/raidandes.com\\\/#website\"},\"datePublished\":\"2024-06-04T18:49:42+00:00\",\"dateModified\":\"2026-04-22T16:49:07+00:00\",\"breadcrumb\":{\"@id\":\"https:\\\/\\\/raidandes.com\\\/cronograma\\\/#breadcrumb\"},\"inLanguage\":\"en-US\",\"potentialAction\":[{\"@type\":\"ReadAction\",\"target\":[\"https:\\\/\\\/raidandes.com\\\/cronograma\\\/\"]}]},{\"@type\":\"BreadcrumbList\",\"@id\":\"https:\\\/\\\/raidandes.com\\\/cronograma\\\/#breadcrumb\",\"itemListElement\":[{\"@type\":\"ListItem\",\"position\":1,\"name\":\"Home\",\"item\":\"https:\\\/\\\/raidandes.com\\\/\"},{\"@type\":\"ListItem\",\"position\":2,\"name\":\"CRONOGRAMA\"}]},{\"@type\":\"WebSite\",\"@id\":\"https:\\\/\\\/raidandes.com\\\/#website\",\"url\":\"https:\\\/\\\/raidandes.com\\\/\",\"name\":\"Raid\",\"description\":\"Jujuy\",\"publisher\":{\"@id\":\"https:\\\/\\\/raidandes.com\\\/#organization\"},\"potentialAction\":[{\"@type\":\"SearchAction\",\"target\":{\"@type\":\"EntryPoint\",\"urlTemplate\":\"https:\\\/\\\/raidandes.com\\\/?s={search_term_string}\"},\"query-input\":{\"@type\":\"PropertyValueSpecification\",\"valueRequired\":true,\"valueName\":\"search_term_string\"}}],\"inLanguage\":\"en-US\"},{\"@type\":\"Organization\",\"@id\":\"https:\\\/\\\/raidandes.com\\\/#organization\",\"name\":\"Raid\",\"url\":\"https:\\\/\\\/raidandes.com\\\/\",\"logo\":{\"@type\":\"ImageObject\",\"inLanguage\":\"en-US\",\"@id\":\"https:\\\/\\\/raidandes.com\\\/#\\\/schema\\\/logo\\\/image\\\/\",\"url\":\"https:\\\/\\\/raidandes.com\\\/wp-content\\\/uploads\\\/2025\\\/06\\\/Raid-sin-sponsor.png\",\"contentUrl\":\"https:\\\/\\\/raidandes.com\\\/wp-content\\\/uploads\\\/2025\\\/06\\\/Raid-sin-sponsor.png\",\"width\":300,\"height\":148,\"caption\":\"Raid\"},\"image\":{\"@id\":\"https:\\\/\\\/raidandes.com\\\/#\\\/schema\\\/logo\\\/image\\\/\"}}]}<\/script>\n<!-- \/ Yoast SEO plugin. -->","yoast_head_json":{"title":"CRONOGRAMA - Raid","robots":{"index":"index","follow":"follow","max-snippet":"max-snippet:-1","max-image-preview":"max-image-preview:large","max-video-preview":"max-video-preview:-1"},"canonical":"https:\/\/raidandes.com\/en\/cronograma\/","og_locale":"en_US","og_type":"article","og_title":"CRONOGRAMA - Raid","og_description":"Cronograma y Log\u00edstica ACREDITACI\u00d3N ANTICIPADA Lugar: Club de Corredores, Av. Monroe 916 CABAD\u00edas y horarios: Desde 23 de abril al 30 de abril de lunes a viernes de 10 a 18hs y s\u00e1bado 25 de 8.30 a 16hs Viernes 8 de mayo Acreditaci\u00f3n en PurmamarcaLugar: Purmamarca, Jujuy.d\u00eda y horario: viernes 8 de mayo de 9 [&hellip;]","og_url":"https:\/\/raidandes.com\/en\/cronograma\/","og_site_name":"Raid","article_modified_time":"2026-04-22T16:49:07+00:00","twitter_card":"summary_large_image","twitter_misc":{"Est. reading time":"2 minutes"},"schema":{"@context":"https:\/\/schema.org","@graph":[{"@type":"WebPage","@id":"https:\/\/raidandes.com\/cronograma\/","url":"https:\/\/raidandes.com\/cronograma\/","name":"CRONOGRAMA - Raid","isPartOf":{"@id":"https:\/\/raidandes.com\/#website"},"datePublished":"2024-06-04T18:49:42+00:00","dateModified":"2026-04-22T16:49:07+00:00","breadcrumb":{"@id":"https:\/\/raidandes.com\/cronograma\/#breadcrumb"},"inLanguage":"en-US","potentialAction":[{"@type":"ReadAction","target":["https:\/\/raidandes.com\/cronograma\/"]}]},{"@type":"BreadcrumbList","@id":"https:\/\/raidandes.com\/cronograma\/#breadcrumb","itemListElement":[{"@type":"ListItem","position":1,"name":"Home","item":"https:\/\/raidandes.com\/"},{"@type":"ListItem","position":2,"name":"CRONOGRAMA"}]},{"@type":"WebSite","@id":"https:\/\/raidandes.com\/#website","url":"https:\/\/raidandes.com\/","name":"Raid","description":"Jujuy","publisher":{"@id":"https:\/\/raidandes.com\/#organization"},"potentialAction":[{"@type":"SearchAction","target":{"@type":"EntryPoint","urlTemplate":"https:\/\/raidandes.com\/?s={search_term_string}"},"query-input":{"@type":"PropertyValueSpecification","valueRequired":true,"valueName":"search_term_string"}}],"inLanguage":"en-US"},{"@type":"Organization","@id":"https:\/\/raidandes.com\/#organization","name":"Raid","url":"https:\/\/raidandes.com\/","logo":{"@type":"ImageObject","inLanguage":"en-US","@id":"https:\/\/raidandes.com\/#\/schema\/logo\/image\/","url":"https:\/\/raidandes.com\/wp-content\/uploads\/2025\/06\/Raid-sin-sponsor.png","contentUrl":"https:\/\/raidandes.com\/wp-content\/uploads\/2025\/06\/Raid-sin-sponsor.png","width":300,"height":148,"caption":"Raid"},"image":{"@id":"https:\/\/raidandes.com\/#\/schema\/logo\/image\/"}}]}},"_links":{"self":[{"href":"https:\/\/raidandes.com\/en\/wp-json\/wp\/v2\/pages\/1720","targetHints":{"allow":["GET"]}}],"collection":[{"href":"https:\/\/raidandes.com\/en\/wp-json\/wp\/v2\/pages"}],"about":[{"href":"https:\/\/raidandes.com\/en\/wp-json\/wp\/v2\/types\/page"}],"author":[{"embeddable":true,"href":"https:\/\/raidandes.com\/en\/wp-json\/wp\/v2\/users\/2"}],"replies":[{"embeddable":true,"href":"https:\/\/raidandes.com\/en\/wp-json\/wp\/v2\/comments?post=1720"}],"version-history":[{"count":5,"href":"https:\/\/raidandes.com\/en\/wp-json\/wp\/v2\/pages\/1720\/revisions"}],"predecessor-version":[{"id":3467,"href":"https:\/\/raidandes.com\/en\/wp-json\/wp\/v2\/pages\/1720\/revisions\/3467"}],"wp:attachment":[{"href":"https:\/\/raidandes.com\/en\/wp-json\/wp\/v2\/media?parent=1720"}],"curies":[{"name":"wp","href":"https:\/\/api.w.org\/{rel}","templated":true}]}}