{"id":1729,"date":"2024-06-04T18:49:52","date_gmt":"2024-06-04T18:49:52","guid":{"rendered":"https:\/\/raidandes.com\/?page_id=1729"},"modified":"2024-07-17T12:43:23","modified_gmt":"2024-07-17T12:43:23","slug":"medio-ambiente","status":"publish","type":"page","link":"https:\/\/raidandes.com\/en\/medio-ambiente\/","title":{"rendered":"ENVIRONMENT"},"content":{"rendered":"<div data-elementor-type=\"wp-page\" data-elementor-id=\"1729\" class=\"elementor elementor-1729\" data-elementor-post-type=\"page\">\n\t\t\t\t<div class=\"elementor-element elementor-element-d3dec4a e-flex e-con-boxed e-con e-parent\" data-id=\"d3dec4a\" data-element_type=\"container\" data-e-type=\"container\" data-settings=\"{&quot;background_background&quot;:&quot;classic&quot;}\">\n\t\t\t\t\t<div class=\"e-con-inner\">\n\t\t\t\t<div class=\"elementor-element elementor-element-1b96e3a elementor-widget elementor-widget-heading\" data-id=\"1b96e3a\" data-element_type=\"widget\" data-e-type=\"widget\" data-widget_type=\"heading.default\">\n\t\t\t\t<div class=\"elementor-widget-container\">\n\t\t\t\t\t<h1 class=\"elementor-heading-title elementor-size-default\">ENVIRONMENT<\/h1>\t\t\t\t<\/div>\n\t\t\t\t<\/div>\n\t\t\t\t\t<\/div>\n\t\t\t\t<\/div>\n\t\t<div class=\"elementor-element elementor-element-111a0f9 e-flex e-con-boxed e-con e-parent\" data-id=\"111a0f9\" data-element_type=\"container\" data-e-type=\"container\">\n\t\t\t\t\t<div class=\"e-con-inner\">\n\t\t<div class=\"elementor-element elementor-element-7ab6c17 e-con-full e-flex e-con e-child\" data-id=\"7ab6c17\" data-element_type=\"container\" data-e-type=\"container\">\n\t\t<div class=\"elementor-element elementor-element-0e86e6d e-grid e-con-full e-con e-child\" data-id=\"0e86e6d\" data-element_type=\"container\" data-e-type=\"container\">\n\t\t\t\t<div class=\"elementor-element elementor-element-7d06b28 elementor-widget elementor-widget-text-editor\" data-id=\"7d06b28\" data-element_type=\"widget\" data-e-type=\"widget\" data-widget_type=\"text-editor.default\">\n\t\t\t\t<div class=\"elementor-widget-container\">\n\t\t\t\t\t\t\t\t\t<p>The trails are our home, and thus we must take care of them as such. Those who participate in trail races know how important the environment is, which is why we must respect it!<\/p>\n<p>Es obligatorio llevar los comestibles en una bolsa de cierre f\u00e1cil, sin sus envoltorios y los geles en una botellita de pl\u00e1stico ya disueltos.<\/p>\n<p>Tirar desechos antes, durante o finalizada la carrera tendr\u00e1 una penalizaci\u00f3n de 2 horas.<\/p>\n<p>Durante Raid Columbia, cuidar la naturaleza y respetar la cultura propia de cada zona es un deber de todos pero, sobre todo, de quienes disfrutamos de la belleza de la monta\u00f1a y sus paisajes.<\/p>\t\t\t\t\t\t\t\t<\/div>\n\t\t\t\t<\/div>\n\t\t<div class=\"elementor-element elementor-element-4f5444b e-con-full e-flex e-con e-child\" data-id=\"4f5444b\" data-element_type=\"container\" data-e-type=\"container\">\n\t\t\t\t<div class=\"elementor-element elementor-element-e0420a1 elementor-widget elementor-widget-image\" data-id=\"e0420a1\" data-element_type=\"widget\" data-e-type=\"widget\" data-widget_type=\"image.default\">\n\t\t\t\t<div class=\"elementor-widget-container\">\n\t\t\t\t\t\t\t\t\t\t\t\t\t\t\t<img decoding=\"async\" data-src=\"https:\/\/raidandes.com\/wp-content\/uploads\/2024\/06\/DJI_0224-3.jpg\" class=\"attachment-full size-full wp-image-1661 lazyload\" alt=\"\" src=\"data:image\/svg+xml;base64,PHN2ZyB3aWR0aD0iMSIgaGVpZ2h0PSIxIiB4bWxucz0iaHR0cDovL3d3dy53My5vcmcvMjAwMC9zdmciPjwvc3ZnPg==\" style=\"--smush-placeholder-width: 4937px; --smush-placeholder-aspect-ratio: 4937\/2774;\" \/>\t\t\t\t\t\t\t\t\t\t\t\t\t\t\t<\/div>\n\t\t\t\t<\/div>\n\t\t\t\t<\/div>\n\t\t\t\t<\/div>\n\t\t\t\t<\/div>\n\t\t\t\t\t<\/div>\n\t\t\t\t<\/div>\n\t\t<div class=\"elementor-element elementor-element-6e773f5 e-flex e-con-boxed e-con e-parent\" data-id=\"6e773f5\" data-element_type=\"container\" data-e-type=\"container\">\n\t\t\t\t\t<div class=\"e-con-inner\">\n\t\t\t\t<div class=\"elementor-element elementor-element-93cd66f elementor-widget elementor-widget-text-editor\" data-id=\"93cd66f\" data-element_type=\"widget\" data-e-type=\"widget\" data-widget_type=\"text-editor.default\">\n\t\t\t\t<div class=\"elementor-widget-container\">\n\t\t\t\t\t\t\t\t\t<p>Some things to keep in mind:<\/p><ul><li>Disfruten conociendo la cultura, costumbres, gastronom\u00eda y tradiciones de las poblaciones locales. Resp\u00e9tenlas y ac\u00e9rquense a ellas.<\/li><li>Don't throw trash on the ground. In a natural space, make sure that the only footprint you leave is that of your footwear.<\/li><li>Use minimal disposable products.<\/li><li>Respet\u00e1 la flora y fauna.<\/li><li>Us\u00e1 los ba\u00f1os qu\u00edmicos, no los arbustos.<\/li><li>Utiliz\u00e1 los recursos naturales, como el agua y la energ\u00eda, con moderaci\u00f3n.<\/li><li>Si compr\u00e1s alg\u00fan regalo o recuerdo, busc\u00e1 productos que sean expresi\u00f3n de la cultura local con el fin de favorecer la econom\u00eda de los pueblos que lo reciben.<\/li><li>During the race, runners must keep all trash, whether it is granola bar wrappers or plastic bottles.<\/li><\/ul><p>In Purmamarca and Tumbaya<\/p><p>In this area, GRASS is very expensive, both financially and in care, so we ask both runners and companions to be especially careful in the squares and places in the town where there is grass. It is prohibited to step or sit in these places, and we ask that you also let those people who are not informed about this know.<\/p><p>Another important point to respect is the fountain in the Plaza de Purmamarca, which is NOT allowed for bathing or getting wet.<\/p><p>Both towns use a waste sorting system. There will be garbage bins distributed in all sectors. Pay attention as the bins are identified by organic and inorganic waste.<\/p><p>In Salinas:\u00a0<\/p><p>In Salinas Grandes you will see some mountains or hills of salt. These mountains are the salt harvest carried out by the mining workers. They asked us to be especially careful with this, therefore, it is NOT permitted to climb them. It is considered a serious offense because it ruins the harvest. We ask you to be very careful and respect this.<\/p>\t\t\t\t\t\t\t\t<\/div>\n\t\t\t\t<\/div>\n\t\t\t\t\t<\/div>\n\t\t\t\t<\/div>\n\t\t\t\t<\/div>","protected":false},"excerpt":{"rendered":"<p>MEDIO AMBIENTE Los senderos son nuestra casa, y es por esto que tenemos que cuidarlos como tal. \u00a1Quienes participamos en carreras de Trail sabemos lo importante que es el medio ambiente, es por eso que debemos respetarlo! Es obligatorio llevar los comestibles en una bolsa de cierre f\u00e1cil, sin sus envoltorios y los geles en [&hellip;]<\/p>\n","protected":false},"author":2,"featured_media":0,"parent":0,"menu_order":0,"comment_status":"closed","ping_status":"closed","template":"","meta":{"nf_dc_page":"","site-sidebar-layout":"no-sidebar","site-content-layout":"page-builder","ast-site-content-layout":"full-width-container","site-content-style":"default","site-sidebar-style":"default","ast-global-header-display":"","ast-banner-title-visibility":"","ast-main-header-display":"","ast-hfb-above-header-display":"","ast-hfb-below-header-display":"","ast-hfb-mobile-header-display":"","site-post-title":"disabled","ast-breadcrumbs-content":"","ast-featured-img":"disabled","footer-sml-layout":"","ast-disable-related-posts":"","theme-transparent-header-meta":"","adv-header-id-meta":"","stick-header-meta":"","header-above-stick-meta":"","header-main-stick-meta":"","header-below-stick-meta":"","astra-migrate-meta-layouts":"default","ast-page-background-enabled":"default","ast-page-background-meta":{"desktop":{"background-color":"var(--ast-global-color-4)","background-image":"","background-repeat":"repeat","background-position":"center center","background-size":"auto","background-attachment":"scroll","background-type":"","background-media":"","overlay-type":"","overlay-color":"","overlay-opacity":"","overlay-gradient":""},"tablet":{"background-color":"","background-image":"","background-repeat":"repeat","background-position":"center center","background-size":"auto","background-attachment":"scroll","background-type":"","background-media":"","overlay-type":"","overlay-color":"","overlay-opacity":"","overlay-gradient":""},"mobile":{"background-color":"","background-image":"","background-repeat":"repeat","background-position":"center center","background-size":"auto","background-attachment":"scroll","background-type":"","background-media":"","overlay-type":"","overlay-color":"","overlay-opacity":"","overlay-gradient":""}},"ast-content-background-meta":{"desktop":{"background-color":"var(--ast-global-color-5)","background-image":"","background-repeat":"repeat","background-position":"center center","background-size":"auto","background-attachment":"scroll","background-type":"","background-media":"","overlay-type":"","overlay-color":"","overlay-opacity":"","overlay-gradient":""},"tablet":{"background-color":"var(--ast-global-color-5)","background-image":"","background-repeat":"repeat","background-position":"center center","background-size":"auto","background-attachment":"scroll","background-type":"","background-media":"","overlay-type":"","overlay-color":"","overlay-opacity":"","overlay-gradient":""},"mobile":{"background-color":"var(--ast-global-color-5)","background-image":"","background-repeat":"repeat","background-position":"center center","background-size":"auto","background-attachment":"scroll","background-type":"","background-media":"","overlay-type":"","overlay-color":"","overlay-opacity":"","overlay-gradient":""}},"footnotes":""},"class_list":["post-1729","page","type-page","status-publish","hentry"],"yoast_head":"<!-- This site is optimized with the Yoast SEO plugin v27.4 - https:\/\/yoast.com\/product\/yoast-seo-wordpress\/ -->\n<title>MEDIO AMBIENTE - Raid<\/title>\n<meta name=\"robots\" content=\"index, follow, max-snippet:-1, max-image-preview:large, max-video-preview:-1\" \/>\n<link rel=\"canonical\" href=\"https:\/\/raidandes.com\/en\/medio-ambiente\/\" \/>\n<meta property=\"og:locale\" content=\"en_US\" \/>\n<meta property=\"og:type\" content=\"article\" \/>\n<meta property=\"og:title\" content=\"MEDIO AMBIENTE - Raid\" \/>\n<meta property=\"og:description\" content=\"MEDIO AMBIENTE Los senderos son nuestra casa, y es por esto que tenemos que cuidarlos como tal. \u00a1Quienes participamos en carreras de Trail sabemos lo importante que es el medio ambiente, es por eso que debemos respetarlo! Es obligatorio llevar los comestibles en una bolsa de cierre f\u00e1cil, sin sus envoltorios y los geles en [&hellip;]\" \/>\n<meta property=\"og:url\" content=\"https:\/\/raidandes.com\/en\/medio-ambiente\/\" \/>\n<meta property=\"og:site_name\" content=\"Raid\" \/>\n<meta property=\"article:modified_time\" content=\"2024-07-17T12:43:23+00:00\" \/>\n<meta property=\"og:image\" content=\"https:\/\/raidandes.com\/wp-content\/uploads\/2024\/06\/DJI_0224-3.jpg\" \/>\n<meta name=\"twitter:card\" content=\"summary_large_image\" \/>\n<meta name=\"twitter:label1\" content=\"Est. reading time\" \/>\n\t<meta name=\"twitter:data1\" content=\"3 minutes\" \/>\n<script type=\"application\/ld+json\" class=\"yoast-schema-graph\">{\"@context\":\"https:\\\/\\\/schema.org\",\"@graph\":[{\"@type\":\"WebPage\",\"@id\":\"https:\\\/\\\/raidandes.com\\\/medio-ambiente\\\/\",\"url\":\"https:\\\/\\\/raidandes.com\\\/medio-ambiente\\\/\",\"name\":\"MEDIO AMBIENTE - Raid\",\"isPartOf\":{\"@id\":\"https:\\\/\\\/raidandes.com\\\/#website\"},\"primaryImageOfPage\":{\"@id\":\"https:\\\/\\\/raidandes.com\\\/medio-ambiente\\\/#primaryimage\"},\"image\":{\"@id\":\"https:\\\/\\\/raidandes.com\\\/medio-ambiente\\\/#primaryimage\"},\"thumbnailUrl\":\"https:\\\/\\\/raidandes.com\\\/wp-content\\\/uploads\\\/2024\\\/06\\\/DJI_0224-3.jpg\",\"datePublished\":\"2024-06-04T18:49:52+00:00\",\"dateModified\":\"2024-07-17T12:43:23+00:00\",\"breadcrumb\":{\"@id\":\"https:\\\/\\\/raidandes.com\\\/medio-ambiente\\\/#breadcrumb\"},\"inLanguage\":\"en-US\",\"potentialAction\":[{\"@type\":\"ReadAction\",\"target\":[\"https:\\\/\\\/raidandes.com\\\/medio-ambiente\\\/\"]}]},{\"@type\":\"ImageObject\",\"inLanguage\":\"en-US\",\"@id\":\"https:\\\/\\\/raidandes.com\\\/medio-ambiente\\\/#primaryimage\",\"url\":\"https:\\\/\\\/raidandes.com\\\/wp-content\\\/uploads\\\/2024\\\/06\\\/DJI_0224-3.jpg\",\"contentUrl\":\"https:\\\/\\\/raidandes.com\\\/wp-content\\\/uploads\\\/2024\\\/06\\\/DJI_0224-3.jpg\"},{\"@type\":\"BreadcrumbList\",\"@id\":\"https:\\\/\\\/raidandes.com\\\/medio-ambiente\\\/#breadcrumb\",\"itemListElement\":[{\"@type\":\"ListItem\",\"position\":1,\"name\":\"Home\",\"item\":\"https:\\\/\\\/raidandes.com\\\/\"},{\"@type\":\"ListItem\",\"position\":2,\"name\":\"MEDIO AMBIENTE\"}]},{\"@type\":\"WebSite\",\"@id\":\"https:\\\/\\\/raidandes.com\\\/#website\",\"url\":\"https:\\\/\\\/raidandes.com\\\/\",\"name\":\"Raid\",\"description\":\"Jujuy\",\"publisher\":{\"@id\":\"https:\\\/\\\/raidandes.com\\\/#organization\"},\"potentialAction\":[{\"@type\":\"SearchAction\",\"target\":{\"@type\":\"EntryPoint\",\"urlTemplate\":\"https:\\\/\\\/raidandes.com\\\/?s={search_term_string}\"},\"query-input\":{\"@type\":\"PropertyValueSpecification\",\"valueRequired\":true,\"valueName\":\"search_term_string\"}}],\"inLanguage\":\"en-US\"},{\"@type\":\"Organization\",\"@id\":\"https:\\\/\\\/raidandes.com\\\/#organization\",\"name\":\"Raid\",\"url\":\"https:\\\/\\\/raidandes.com\\\/\",\"logo\":{\"@type\":\"ImageObject\",\"inLanguage\":\"en-US\",\"@id\":\"https:\\\/\\\/raidandes.com\\\/#\\\/schema\\\/logo\\\/image\\\/\",\"url\":\"https:\\\/\\\/raidandes.com\\\/wp-content\\\/uploads\\\/2025\\\/06\\\/Raid-sin-sponsor.png\",\"contentUrl\":\"https:\\\/\\\/raidandes.com\\\/wp-content\\\/uploads\\\/2025\\\/06\\\/Raid-sin-sponsor.png\",\"width\":300,\"height\":148,\"caption\":\"Raid\"},\"image\":{\"@id\":\"https:\\\/\\\/raidandes.com\\\/#\\\/schema\\\/logo\\\/image\\\/\"}}]}<\/script>\n<!-- \/ Yoast SEO plugin. -->","yoast_head_json":{"title":"MEDIO AMBIENTE - Raid","robots":{"index":"index","follow":"follow","max-snippet":"max-snippet:-1","max-image-preview":"max-image-preview:large","max-video-preview":"max-video-preview:-1"},"canonical":"https:\/\/raidandes.com\/en\/medio-ambiente\/","og_locale":"en_US","og_type":"article","og_title":"MEDIO AMBIENTE - Raid","og_description":"MEDIO AMBIENTE Los senderos son nuestra casa, y es por esto que tenemos que cuidarlos como tal. \u00a1Quienes participamos en carreras de Trail sabemos lo importante que es el medio ambiente, es por eso que debemos respetarlo! Es obligatorio llevar los comestibles en una bolsa de cierre f\u00e1cil, sin sus envoltorios y los geles en [&hellip;]","og_url":"https:\/\/raidandes.com\/en\/medio-ambiente\/","og_site_name":"Raid","article_modified_time":"2024-07-17T12:43:23+00:00","og_image":[{"url":"https:\/\/raidandes.com\/wp-content\/uploads\/2024\/06\/DJI_0224-3.jpg","type":"","width":"","height":""}],"twitter_card":"summary_large_image","twitter_misc":{"Est. reading time":"3 minutes"},"schema":{"@context":"https:\/\/schema.org","@graph":[{"@type":"WebPage","@id":"https:\/\/raidandes.com\/medio-ambiente\/","url":"https:\/\/raidandes.com\/medio-ambiente\/","name":"MEDIO AMBIENTE - Raid","isPartOf":{"@id":"https:\/\/raidandes.com\/#website"},"primaryImageOfPage":{"@id":"https:\/\/raidandes.com\/medio-ambiente\/#primaryimage"},"image":{"@id":"https:\/\/raidandes.com\/medio-ambiente\/#primaryimage"},"thumbnailUrl":"https:\/\/raidandes.com\/wp-content\/uploads\/2024\/06\/DJI_0224-3.jpg","datePublished":"2024-06-04T18:49:52+00:00","dateModified":"2024-07-17T12:43:23+00:00","breadcrumb":{"@id":"https:\/\/raidandes.com\/medio-ambiente\/#breadcrumb"},"inLanguage":"en-US","potentialAction":[{"@type":"ReadAction","target":["https:\/\/raidandes.com\/medio-ambiente\/"]}]},{"@type":"ImageObject","inLanguage":"en-US","@id":"https:\/\/raidandes.com\/medio-ambiente\/#primaryimage","url":"https:\/\/raidandes.com\/wp-content\/uploads\/2024\/06\/DJI_0224-3.jpg","contentUrl":"https:\/\/raidandes.com\/wp-content\/uploads\/2024\/06\/DJI_0224-3.jpg"},{"@type":"BreadcrumbList","@id":"https:\/\/raidandes.com\/medio-ambiente\/#breadcrumb","itemListElement":[{"@type":"ListItem","position":1,"name":"Home","item":"https:\/\/raidandes.com\/"},{"@type":"ListItem","position":2,"name":"MEDIO AMBIENTE"}]},{"@type":"WebSite","@id":"https:\/\/raidandes.com\/#website","url":"https:\/\/raidandes.com\/","name":"Raid","description":"Jujuy","publisher":{"@id":"https:\/\/raidandes.com\/#organization"},"potentialAction":[{"@type":"SearchAction","target":{"@type":"EntryPoint","urlTemplate":"https:\/\/raidandes.com\/?s={search_term_string}"},"query-input":{"@type":"PropertyValueSpecification","valueRequired":true,"valueName":"search_term_string"}}],"inLanguage":"en-US"},{"@type":"Organization","@id":"https:\/\/raidandes.com\/#organization","name":"Raid","url":"https:\/\/raidandes.com\/","logo":{"@type":"ImageObject","inLanguage":"en-US","@id":"https:\/\/raidandes.com\/#\/schema\/logo\/image\/","url":"https:\/\/raidandes.com\/wp-content\/uploads\/2025\/06\/Raid-sin-sponsor.png","contentUrl":"https:\/\/raidandes.com\/wp-content\/uploads\/2025\/06\/Raid-sin-sponsor.png","width":300,"height":148,"caption":"Raid"},"image":{"@id":"https:\/\/raidandes.com\/#\/schema\/logo\/image\/"}}]}},"_links":{"self":[{"href":"https:\/\/raidandes.com\/en\/wp-json\/wp\/v2\/pages\/1729","targetHints":{"allow":["GET"]}}],"collection":[{"href":"https:\/\/raidandes.com\/en\/wp-json\/wp\/v2\/pages"}],"about":[{"href":"https:\/\/raidandes.com\/en\/wp-json\/wp\/v2\/types\/page"}],"author":[{"embeddable":true,"href":"https:\/\/raidandes.com\/en\/wp-json\/wp\/v2\/users\/2"}],"replies":[{"embeddable":true,"href":"https:\/\/raidandes.com\/en\/wp-json\/wp\/v2\/comments?post=1729"}],"version-history":[{"count":5,"href":"https:\/\/raidandes.com\/en\/wp-json\/wp\/v2\/pages\/1729\/revisions"}],"predecessor-version":[{"id":2823,"href":"https:\/\/raidandes.com\/en\/wp-json\/wp\/v2\/pages\/1729\/revisions\/2823"}],"wp:attachment":[{"href":"https:\/\/raidandes.com\/en\/wp-json\/wp\/v2\/media?parent=1729"}],"curies":[{"name":"wp","href":"https:\/\/api.w.org\/{rel}","templated":true}]}}